{"id":183,"date":"2023-10-30T18:02:00","date_gmt":"2023-10-30T17:02:00","guid":{"rendered":"https:\/\/enyse.com\/?page_id=183"},"modified":"2024-01-12T18:04:10","modified_gmt":"2024-01-12T17:04:10","slug":"atp","status":"publish","type":"page","link":"https:\/\/enyse.com\/gb\/systems\/atp\/","title":{"rendered":"ATP"},"content":{"rendered":"","protected":false},"excerpt":{"rendered":"<p>El EUROBLOCK23 es una plataforma de \u00faltima generaci\u00f3n que integrar\u00e1 el Enclavamiento Electr\u00f3nico (EIS) y el Centro de Bloqueo de Radio (RBC), y que proporcionar\u00e1 las funcionalidades de ERTMS tanto de Nivel 2, acorde con las \u00faltimas especificaciones europeas, como la futura especificaci\u00f3n de Nivel 3 actualmente en desarrollo.<\/p>\n","protected":false},"author":8,"featured_media":727,"parent":22,"menu_order":0,"comment_status":"closed","ping_status":"closed","template":"page-sistemas.php","meta":{"_acf_changed":false,"footnotes":""},"class_list":["post-183","page","type-page","status-publish","has-post-thumbnail","hentry"],"translation":{"provider":"WPGlobus","version":"3.0.2","language":"gb","enabled_languages":["es","gb"],"languages":{"es":{"title":true,"content":false,"excerpt":true},"gb":{"title":true,"content":false,"excerpt":false}}},"acf":[],"yoast_head":"<!-- This site is optimized with the Yoast SEO plugin v27.5 - https:\/\/yoast.com\/product\/yoast-seo-wordpress\/ -->\n<title>ATP - Enyse<\/title>\n<meta name=\"robots\" content=\"index, follow, max-snippet:-1, max-image-preview:large, max-video-preview:-1\" \/>\n<link rel=\"canonical\" href=\"https:\/\/enyse.com\/sistemas\/atp\/\" \/>\n<meta property=\"og:locale\" content=\"en_GB\" \/>\n<meta property=\"og:type\" content=\"article\" \/>\n<meta property=\"og:title\" content=\"ATP - Enyse\" \/>\n<meta property=\"og:url\" content=\"https:\/\/enyse.com\/sistemas\/atp\/\" \/>\n<meta property=\"og:site_name\" content=\"Enyse\" \/>\n<meta property=\"article:modified_time\" content=\"2024-01-12T17:04:10+00:00\" \/>\n<meta property=\"og:image\" content=\"https:\/\/enyse.com\/wp-content\/uploads\/2023\/12\/corporativo-enclavamientos.jpg\" \/>\n\t<meta property=\"og:image:width\" content=\"913\" \/>\n\t<meta property=\"og:image:height\" content=\"768\" \/>\n\t<meta property=\"og:image:type\" content=\"image\/jpeg\" \/>\n<meta name=\"twitter:card\" content=\"summary_large_image\" \/>\n<meta name=\"twitter:label1\" content=\"Est. reading time\" \/>\n\t<meta name=\"twitter:data1\" content=\"1 minute\" \/>\n<script type=\"application\/ld+json\" class=\"yoast-schema-graph\">{\"@context\":\"https:\\\/\\\/schema.org\",\"@graph\":[{\"@type\":\"WebPage\",\"@id\":\"https:\\\/\\\/enyse.com\\\/sistemas\\\/atp\\\/\",\"url\":\"https:\\\/\\\/enyse.com\\\/sistemas\\\/atp\\\/\",\"name\":\"ATP - Enyse\",\"isPartOf\":{\"@id\":\"https:\\\/\\\/enyse.com\\\/#website\"},\"primaryImageOfPage\":{\"@id\":\"https:\\\/\\\/enyse.com\\\/sistemas\\\/atp\\\/#primaryimage\"},\"image\":{\"@id\":\"https:\\\/\\\/enyse.com\\\/sistemas\\\/atp\\\/#primaryimage\"},\"thumbnailUrl\":\"https:\\\/\\\/enyse.com\\\/wp-content\\\/uploads\\\/2023\\\/12\\\/corporativo-enclavamientos.jpg\",\"datePublished\":\"2023-10-30T17:02:00+00:00\",\"dateModified\":\"2024-01-12T17:04:10+00:00\",\"breadcrumb\":{\"@id\":\"https:\\\/\\\/enyse.com\\\/sistemas\\\/atp\\\/#breadcrumb\"},\"inLanguage\":\"en-GB\",\"potentialAction\":[{\"@type\":\"ReadAction\",\"target\":[\"https:\\\/\\\/enyse.com\\\/sistemas\\\/atp\\\/\"]}]},{\"@type\":\"ImageObject\",\"inLanguage\":\"en-GB\",\"@id\":\"https:\\\/\\\/enyse.com\\\/sistemas\\\/atp\\\/#primaryimage\",\"url\":\"https:\\\/\\\/enyse.com\\\/wp-content\\\/uploads\\\/2023\\\/12\\\/corporativo-enclavamientos.jpg\",\"contentUrl\":\"https:\\\/\\\/enyse.com\\\/wp-content\\\/uploads\\\/2023\\\/12\\\/corporativo-enclavamientos.jpg\",\"width\":913,\"height\":768},{\"@type\":\"BreadcrumbList\",\"@id\":\"https:\\\/\\\/enyse.com\\\/sistemas\\\/atp\\\/#breadcrumb\",\"itemListElement\":[{\"@type\":\"ListItem\",\"position\":1,\"name\":\"%frontpage%\",\"item\":\"https:\\\/\\\/enyse.com\\\/\"},{\"@type\":\"ListItem\",\"position\":2,\"name\":\"Sistemas\",\"item\":\"https:\\\/\\\/enyse.com\\\/sistemas\\\/\"},{\"@type\":\"ListItem\",\"position\":3,\"name\":\"ATP\"}]},{\"@type\":\"WebSite\",\"@id\":\"https:\\\/\\\/enyse.com\\\/#website\",\"url\":\"https:\\\/\\\/enyse.com\\\/\",\"name\":\"Enyse\",\"description\":\"Enyse is the heir of the longest history in Spain\u2019s Signalling sector \u2013 in 1924 the first electric interlocking is commissioned at Don Carlos station in Barcelona, which at the time was the head of the first railway line in Spain.\",\"publisher\":{\"@id\":\"https:\\\/\\\/enyse.com\\\/#organization\"},\"potentialAction\":[{\"@type\":\"SearchAction\",\"target\":{\"@type\":\"EntryPoint\",\"urlTemplate\":\"https:\\\/\\\/enyse.com\\\/?s={search_term_string}\"},\"query-input\":{\"@type\":\"PropertyValueSpecification\",\"valueRequired\":true,\"valueName\":\"search_term_string\"}}],\"inLanguage\":\"en-GB\"},{\"@type\":\"Organization\",\"@id\":\"https:\\\/\\\/enyse.com\\\/#organization\",\"name\":\"Enyse\",\"url\":\"https:\\\/\\\/enyse.com\\\/\",\"logo\":{\"@type\":\"ImageObject\",\"inLanguage\":\"en-GB\",\"@id\":\"https:\\\/\\\/enyse.com\\\/#\\\/schema\\\/logo\\\/image\\\/\",\"url\":\"https:\\\/\\\/enyse.com\\\/wp-content\\\/uploads\\\/2023\\\/10\\\/logo-enyse.png\",\"contentUrl\":\"https:\\\/\\\/enyse.com\\\/wp-content\\\/uploads\\\/2023\\\/10\\\/logo-enyse.png\",\"width\":250,\"height\":100,\"caption\":\"Enyse\"},\"image\":{\"@id\":\"https:\\\/\\\/enyse.com\\\/#\\\/schema\\\/logo\\\/image\\\/\"}}]}<\/script>\n<!-- \/ Yoast SEO plugin. -->","yoast_head_json":{"title":"ATP - Enyse","robots":{"index":"index","follow":"follow","max-snippet":"max-snippet:-1","max-image-preview":"max-image-preview:large","max-video-preview":"max-video-preview:-1"},"canonical":"https:\/\/enyse.com\/sistemas\/atp\/","og_locale":"en_GB","og_type":"article","og_title":"ATP - Enyse","og_url":"https:\/\/enyse.com\/sistemas\/atp\/","og_site_name":"Enyse","article_modified_time":"2024-01-12T17:04:10+00:00","og_image":[{"width":913,"height":768,"url":"https:\/\/enyse.com\/wp-content\/uploads\/2023\/12\/corporativo-enclavamientos.jpg","type":"image\/jpeg"}],"twitter_card":"summary_large_image","twitter_misc":{"Est. reading time":"1 minute"},"schema":{"@context":"https:\/\/schema.org","@graph":[{"@type":"WebPage","@id":"https:\/\/enyse.com\/sistemas\/atp\/","url":"https:\/\/enyse.com\/sistemas\/atp\/","name":"ATP - Enyse","isPartOf":{"@id":"https:\/\/enyse.com\/#website"},"primaryImageOfPage":{"@id":"https:\/\/enyse.com\/sistemas\/atp\/#primaryimage"},"image":{"@id":"https:\/\/enyse.com\/sistemas\/atp\/#primaryimage"},"thumbnailUrl":"https:\/\/enyse.com\/wp-content\/uploads\/2023\/12\/corporativo-enclavamientos.jpg","datePublished":"2023-10-30T17:02:00+00:00","dateModified":"2024-01-12T17:04:10+00:00","breadcrumb":{"@id":"https:\/\/enyse.com\/sistemas\/atp\/#breadcrumb"},"inLanguage":"en-GB","potentialAction":[{"@type":"ReadAction","target":["https:\/\/enyse.com\/sistemas\/atp\/"]}]},{"@type":"ImageObject","inLanguage":"en-GB","@id":"https:\/\/enyse.com\/sistemas\/atp\/#primaryimage","url":"https:\/\/enyse.com\/wp-content\/uploads\/2023\/12\/corporativo-enclavamientos.jpg","contentUrl":"https:\/\/enyse.com\/wp-content\/uploads\/2023\/12\/corporativo-enclavamientos.jpg","width":913,"height":768},{"@type":"BreadcrumbList","@id":"https:\/\/enyse.com\/sistemas\/atp\/#breadcrumb","itemListElement":[{"@type":"ListItem","position":1,"name":"%frontpage%","item":"https:\/\/enyse.com\/"},{"@type":"ListItem","position":2,"name":"Sistemas","item":"https:\/\/enyse.com\/sistemas\/"},{"@type":"ListItem","position":3,"name":"ATP"}]},{"@type":"WebSite","@id":"https:\/\/enyse.com\/#website","url":"https:\/\/enyse.com\/","name":"Enyse","description":"Enyse is the heir of the longest history in Spain\u2019s Signalling sector \u2013 in 1924 the first electric interlocking is commissioned at Don Carlos station in Barcelona, which at the time was the head of the first railway line in Spain.","publisher":{"@id":"https:\/\/enyse.com\/#organization"},"potentialAction":[{"@type":"SearchAction","target":{"@type":"EntryPoint","urlTemplate":"https:\/\/enyse.com\/?s={search_term_string}"},"query-input":{"@type":"PropertyValueSpecification","valueRequired":true,"valueName":"search_term_string"}}],"inLanguage":"en-GB"},{"@type":"Organization","@id":"https:\/\/enyse.com\/#organization","name":"Enyse","url":"https:\/\/enyse.com\/","logo":{"@type":"ImageObject","inLanguage":"en-GB","@id":"https:\/\/enyse.com\/#\/schema\/logo\/image\/","url":"https:\/\/enyse.com\/wp-content\/uploads\/2023\/10\/logo-enyse.png","contentUrl":"https:\/\/enyse.com\/wp-content\/uploads\/2023\/10\/logo-enyse.png","width":250,"height":100,"caption":"Enyse"},"image":{"@id":"https:\/\/enyse.com\/#\/schema\/logo\/image\/"}}]}},"_links":{"self":[{"href":"https:\/\/enyse.com\/gb\/wp-json\/wp\/v2\/pages\/183","targetHints":{"allow":["GET"]}}],"collection":[{"href":"https:\/\/enyse.com\/gb\/wp-json\/wp\/v2\/pages"}],"about":[{"href":"https:\/\/enyse.com\/gb\/wp-json\/wp\/v2\/types\/page"}],"author":[{"embeddable":true,"href":"https:\/\/enyse.com\/gb\/wp-json\/wp\/v2\/users\/8"}],"replies":[{"embeddable":true,"href":"https:\/\/enyse.com\/gb\/wp-json\/wp\/v2\/comments?post=183"}],"version-history":[{"count":18,"href":"https:\/\/enyse.com\/gb\/wp-json\/wp\/v2\/pages\/183\/revisions"}],"predecessor-version":[{"id":2135,"href":"https:\/\/enyse.com\/gb\/wp-json\/wp\/v2\/pages\/183\/revisions\/2135"}],"up":[{"embeddable":true,"href":"https:\/\/enyse.com\/gb\/wp-json\/wp\/v2\/pages\/22"}],"wp:featuredmedia":[{"embeddable":true,"href":"https:\/\/enyse.com\/gb\/wp-json\/wp\/v2\/media\/727"}],"wp:attachment":[{"href":"https:\/\/enyse.com\/gb\/wp-json\/wp\/v2\/media?parent=183"}],"curies":[{"name":"wp","href":"https:\/\/api.w.org\/{rel}","templated":true}]}}