{"id":55,"date":"2023-10-12T13:08:08","date_gmt":"2023-10-12T11:08:08","guid":{"rendered":"https:\/\/enyse.com\/?page_id=55"},"modified":"2024-05-10T12:42:45","modified_gmt":"2024-05-10T10:42:45","slug":"calidad-y-seguridad","status":"publish","type":"page","link":"https:\/\/enyse.com\/gb\/company\/quality-and-safety\/","title":{"rendered":"Quality and Safety"},"content":{"rendered":"\n<p>El seguimiento de dichos principios se asegura mediante la aplicaci\u00f3n y certificaci\u00f3n de un Sistema Integrado de gesti\u00f3n de la calidad, ambiental y de la seguridad y salud en el trabajo basado en las normas internacionales ISO 9001, ISO 14001 e ISO 45001.<\/p>\n","protected":false},"excerpt":{"rendered":"<p>ENYSE identifica como requisitos fundamentales para el crecimiento, el progreso tecnol\u00f3gico y la promoci\u00f3n de sus empleados, el cumplimiento de 6 principios.<\/p>\n","protected":false},"author":8,"featured_media":377,"parent":20,"menu_order":0,"comment_status":"closed","ping_status":"closed","template":"page-compania.php","meta":{"_acf_changed":false,"footnotes":""},"class_list":["post-55","page","type-page","status-publish","has-post-thumbnail","hentry"],"translation":{"provider":"WPGlobus","version":"3.0.2","language":"gb","enabled_languages":["es","gb"],"languages":{"es":{"title":true,"content":true,"excerpt":true},"gb":{"title":true,"content":false,"excerpt":false}}},"acf":[],"yoast_head":"<!-- This site is optimized with the Yoast SEO plugin v27.2 - https:\/\/yoast.com\/product\/yoast-seo-wordpress\/ -->\n<title>Quality and Safety - Enyse<\/title>\n<meta name=\"robots\" content=\"index, follow, max-snippet:-1, max-image-preview:large, max-video-preview:-1\" \/>\n<link rel=\"canonical\" href=\"https:\/\/enyse.com\/compania\/calidad-y-seguridad\/\" \/>\n<meta property=\"og:locale\" content=\"en_GB\" \/>\n<meta property=\"og:type\" content=\"article\" \/>\n<meta property=\"og:title\" content=\"Quality and Safety - Enyse\" \/>\n<meta property=\"og:url\" content=\"https:\/\/enyse.com\/compania\/calidad-y-seguridad\/\" \/>\n<meta property=\"og:site_name\" content=\"Enyse\" \/>\n<meta property=\"article:modified_time\" content=\"2024-05-10T10:42:45+00:00\" \/>\n<meta property=\"og:image\" content=\"https:\/\/enyse.com\/wp-content\/uploads\/2023\/11\/corporativo-calidad-seguridad-enyse.jpg\" \/>\n\t<meta property=\"og:image:width\" content=\"913\" \/>\n\t<meta property=\"og:image:height\" content=\"768\" \/>\n\t<meta property=\"og:image:type\" content=\"image\/jpeg\" \/>\n<meta name=\"twitter:card\" content=\"summary_large_image\" \/>\n<meta name=\"twitter:label1\" content=\"Est. reading time\" \/>\n\t<meta name=\"twitter:data1\" content=\"1 minute\" \/>\n<script type=\"application\/ld+json\" class=\"yoast-schema-graph\">{\"@context\":\"https:\/\/schema.org\",\"@graph\":[{\"@type\":\"WebPage\",\"@id\":\"https:\/\/enyse.com\/compania\/calidad-y-seguridad\/\",\"url\":\"https:\/\/enyse.com\/compania\/calidad-y-seguridad\/\",\"name\":\"Quality and Safety - Enyse\",\"isPartOf\":{\"@id\":\"https:\/\/enyse.com\/#website\"},\"primaryImageOfPage\":{\"@id\":\"https:\/\/enyse.com\/compania\/calidad-y-seguridad\/#primaryimage\"},\"image\":{\"@id\":\"https:\/\/enyse.com\/compania\/calidad-y-seguridad\/#primaryimage\"},\"thumbnailUrl\":\"https:\/\/enyse.com\/wp-content\/uploads\/2023\/11\/corporativo-calidad-seguridad-enyse.jpg\",\"datePublished\":\"2023-10-12T11:08:08+00:00\",\"dateModified\":\"2024-05-10T10:42:45+00:00\",\"breadcrumb\":{\"@id\":\"https:\/\/enyse.com\/compania\/calidad-y-seguridad\/#breadcrumb\"},\"inLanguage\":\"en-GB\",\"potentialAction\":[{\"@type\":\"ReadAction\",\"target\":[\"https:\/\/enyse.com\/compania\/calidad-y-seguridad\/\"]}]},{\"@type\":\"ImageObject\",\"inLanguage\":\"en-GB\",\"@id\":\"https:\/\/enyse.com\/compania\/calidad-y-seguridad\/#primaryimage\",\"url\":\"https:\/\/enyse.com\/wp-content\/uploads\/2023\/11\/corporativo-calidad-seguridad-enyse.jpg\",\"contentUrl\":\"https:\/\/enyse.com\/wp-content\/uploads\/2023\/11\/corporativo-calidad-seguridad-enyse.jpg\",\"width\":913,\"height\":768},{\"@type\":\"BreadcrumbList\",\"@id\":\"https:\/\/enyse.com\/compania\/calidad-y-seguridad\/#breadcrumb\",\"itemListElement\":[{\"@type\":\"ListItem\",\"position\":1,\"name\":\"%frontpage%\",\"item\":\"https:\/\/enyse.com\/\"},{\"@type\":\"ListItem\",\"position\":2,\"name\":\"Compa\u00f1\u00eda\",\"item\":\"https:\/\/enyse.com\/compania\/\"},{\"@type\":\"ListItem\",\"position\":3,\"name\":\"Calidad y Seguridad\"}]},{\"@type\":\"WebSite\",\"@id\":\"https:\/\/enyse.com\/#website\",\"url\":\"https:\/\/enyse.com\/\",\"name\":\"Enyse\",\"description\":\"Enyse is the heir of the longest history in Spain\u2019s Signalling sector \u2013 in 1924 the first electric interlocking is commissioned at Don Carlos station in Barcelona, which at the time was the head of the first railway line in Spain.\",\"publisher\":{\"@id\":\"https:\/\/enyse.com\/#organization\"},\"potentialAction\":[{\"@type\":\"SearchAction\",\"target\":{\"@type\":\"EntryPoint\",\"urlTemplate\":\"https:\/\/enyse.com\/?s={search_term_string}\"},\"query-input\":{\"@type\":\"PropertyValueSpecification\",\"valueRequired\":true,\"valueName\":\"search_term_string\"}}],\"inLanguage\":\"en-GB\"},{\"@type\":\"Organization\",\"@id\":\"https:\/\/enyse.com\/#organization\",\"name\":\"Enyse\",\"url\":\"https:\/\/enyse.com\/\",\"logo\":{\"@type\":\"ImageObject\",\"inLanguage\":\"en-GB\",\"@id\":\"https:\/\/enyse.com\/#\/schema\/logo\/image\/\",\"url\":\"https:\/\/enyse.com\/wp-content\/uploads\/2023\/10\/logo-enyse.png\",\"contentUrl\":\"https:\/\/enyse.com\/wp-content\/uploads\/2023\/10\/logo-enyse.png\",\"width\":250,\"height\":100,\"caption\":\"Enyse\"},\"image\":{\"@id\":\"https:\/\/enyse.com\/#\/schema\/logo\/image\/\"}}]}<\/script>\n<!-- \/ Yoast SEO plugin. -->","yoast_head_json":{"title":"Quality and Safety - Enyse","robots":{"index":"index","follow":"follow","max-snippet":"max-snippet:-1","max-image-preview":"max-image-preview:large","max-video-preview":"max-video-preview:-1"},"canonical":"https:\/\/enyse.com\/compania\/calidad-y-seguridad\/","og_locale":"en_GB","og_type":"article","og_title":"Quality and Safety - Enyse","og_url":"https:\/\/enyse.com\/compania\/calidad-y-seguridad\/","og_site_name":"Enyse","article_modified_time":"2024-05-10T10:42:45+00:00","og_image":[{"width":913,"height":768,"url":"https:\/\/enyse.com\/wp-content\/uploads\/2023\/11\/corporativo-calidad-seguridad-enyse.jpg","type":"image\/jpeg"}],"twitter_card":"summary_large_image","twitter_misc":{"Est. reading time":"1 minute"},"schema":{"@context":"https:\/\/schema.org","@graph":[{"@type":"WebPage","@id":"https:\/\/enyse.com\/compania\/calidad-y-seguridad\/","url":"https:\/\/enyse.com\/compania\/calidad-y-seguridad\/","name":"Quality and Safety - Enyse","isPartOf":{"@id":"https:\/\/enyse.com\/#website"},"primaryImageOfPage":{"@id":"https:\/\/enyse.com\/compania\/calidad-y-seguridad\/#primaryimage"},"image":{"@id":"https:\/\/enyse.com\/compania\/calidad-y-seguridad\/#primaryimage"},"thumbnailUrl":"https:\/\/enyse.com\/wp-content\/uploads\/2023\/11\/corporativo-calidad-seguridad-enyse.jpg","datePublished":"2023-10-12T11:08:08+00:00","dateModified":"2024-05-10T10:42:45+00:00","breadcrumb":{"@id":"https:\/\/enyse.com\/compania\/calidad-y-seguridad\/#breadcrumb"},"inLanguage":"en-GB","potentialAction":[{"@type":"ReadAction","target":["https:\/\/enyse.com\/compania\/calidad-y-seguridad\/"]}]},{"@type":"ImageObject","inLanguage":"en-GB","@id":"https:\/\/enyse.com\/compania\/calidad-y-seguridad\/#primaryimage","url":"https:\/\/enyse.com\/wp-content\/uploads\/2023\/11\/corporativo-calidad-seguridad-enyse.jpg","contentUrl":"https:\/\/enyse.com\/wp-content\/uploads\/2023\/11\/corporativo-calidad-seguridad-enyse.jpg","width":913,"height":768},{"@type":"BreadcrumbList","@id":"https:\/\/enyse.com\/compania\/calidad-y-seguridad\/#breadcrumb","itemListElement":[{"@type":"ListItem","position":1,"name":"%frontpage%","item":"https:\/\/enyse.com\/"},{"@type":"ListItem","position":2,"name":"Compa\u00f1\u00eda","item":"https:\/\/enyse.com\/compania\/"},{"@type":"ListItem","position":3,"name":"Calidad y Seguridad"}]},{"@type":"WebSite","@id":"https:\/\/enyse.com\/#website","url":"https:\/\/enyse.com\/","name":"Enyse","description":"Enyse is the heir of the longest history in Spain\u2019s Signalling sector \u2013 in 1924 the first electric interlocking is commissioned at Don Carlos station in Barcelona, which at the time was the head of the first railway line in Spain.","publisher":{"@id":"https:\/\/enyse.com\/#organization"},"potentialAction":[{"@type":"SearchAction","target":{"@type":"EntryPoint","urlTemplate":"https:\/\/enyse.com\/?s={search_term_string}"},"query-input":{"@type":"PropertyValueSpecification","valueRequired":true,"valueName":"search_term_string"}}],"inLanguage":"en-GB"},{"@type":"Organization","@id":"https:\/\/enyse.com\/#organization","name":"Enyse","url":"https:\/\/enyse.com\/","logo":{"@type":"ImageObject","inLanguage":"en-GB","@id":"https:\/\/enyse.com\/#\/schema\/logo\/image\/","url":"https:\/\/enyse.com\/wp-content\/uploads\/2023\/10\/logo-enyse.png","contentUrl":"https:\/\/enyse.com\/wp-content\/uploads\/2023\/10\/logo-enyse.png","width":250,"height":100,"caption":"Enyse"},"image":{"@id":"https:\/\/enyse.com\/#\/schema\/logo\/image\/"}}]}},"_links":{"self":[{"href":"https:\/\/enyse.com\/gb\/wp-json\/wp\/v2\/pages\/55","targetHints":{"allow":["GET"]}}],"collection":[{"href":"https:\/\/enyse.com\/gb\/wp-json\/wp\/v2\/pages"}],"about":[{"href":"https:\/\/enyse.com\/gb\/wp-json\/wp\/v2\/types\/page"}],"author":[{"embeddable":true,"href":"https:\/\/enyse.com\/gb\/wp-json\/wp\/v2\/users\/8"}],"replies":[{"embeddable":true,"href":"https:\/\/enyse.com\/gb\/wp-json\/wp\/v2\/comments?post=55"}],"version-history":[{"count":26,"href":"https:\/\/enyse.com\/gb\/wp-json\/wp\/v2\/pages\/55\/revisions"}],"predecessor-version":[{"id":2540,"href":"https:\/\/enyse.com\/gb\/wp-json\/wp\/v2\/pages\/55\/revisions\/2540"}],"up":[{"embeddable":true,"href":"https:\/\/enyse.com\/gb\/wp-json\/wp\/v2\/pages\/20"}],"wp:featuredmedia":[{"embeddable":true,"href":"https:\/\/enyse.com\/gb\/wp-json\/wp\/v2\/media\/377"}],"wp:attachment":[{"href":"https:\/\/enyse.com\/gb\/wp-json\/wp\/v2\/media?parent=55"}],"curies":[{"name":"wp","href":"https:\/\/api.w.org\/{rel}","templated":true}]}}