{"id":86,"date":"2023-10-13T16:21:40","date_gmt":"2023-10-13T14:21:40","guid":{"rendered":"https:\/\/enyse.com\/?page_id=86"},"modified":"2024-01-12T17:54:41","modified_gmt":"2024-01-12T16:54:41","slug":"grupo-empresarial","status":"publish","type":"page","link":"https:\/\/enyse.com\/gb\/company\/companys-group\/","title":{"rendered":"Company&#8217;s Group"},"content":{"rendered":"\n<p>En un sector que integra cada vez tecnolog\u00edas m\u00e1s diversas, los est\u00e1ndares de <strong>Fiabilidad, Disponibilidad, Mantenibilidad y Seguridad<\/strong> exigidos no s\u00f3lo se aplican en el dise\u00f1o de sistemas, sino que son la premisa en la ejecuci\u00f3n y puesta en <strong>servicio de proyectos de se\u00f1alizaci\u00f3n \u201cllave en mano\u201d.<\/strong><\/p>\n\n\n\n<p>ENYSE tiene la capacidad para trabajar en <strong>todas las fases de un proyecto,<\/strong> desde su concepci\u00f3n y dise\u00f1o hasta la fabricaci\u00f3n y mantenimiento de las instalaciones de seguridad, <strong>tanto propias como de otras tecnolog\u00edas.<\/strong><\/p>\n\n\n\n<p>El hist\u00f3rico de ENYSE, junto con su experiencia y capital humano, sumado a las capacidades de las compa\u00f1\u00edas ferroviarias del grupo al que pertenece, le permite ofrecer <strong>un espectro completo de sistemas y servicios, desde Se\u00f1alizaci\u00f3n a energ\u00eda y telecomunicaciones, incluyendo el mantenimiento de los sistemas electromec\u00e1nicos de cualquier tipo de ferrocarril:<\/strong> convencional, de carga, alta velocidad, &#8230;<\/p>\n","protected":false},"excerpt":{"rendered":"<p>Empresa global con presencia en todo el mundo, proporcionando soluciones y servicios de vanguardia a nivel internacional.<\/p>\n","protected":false},"author":8,"featured_media":403,"parent":20,"menu_order":0,"comment_status":"closed","ping_status":"closed","template":"page-compania.php","meta":{"_acf_changed":false,"footnotes":""},"class_list":["post-86","page","type-page","status-publish","has-post-thumbnail","hentry"],"translation":{"provider":"WPGlobus","version":"3.0.2","language":"gb","enabled_languages":["es","gb"],"languages":{"es":{"title":true,"content":true,"excerpt":true},"gb":{"title":true,"content":true,"excerpt":false}}},"acf":[],"yoast_head":"<!-- This site is optimized with the Yoast SEO plugin v27.2 - https:\/\/yoast.com\/product\/yoast-seo-wordpress\/ -->\n<title>Company&#039;s Group - Enyse<\/title>\n<meta name=\"robots\" content=\"index, follow, max-snippet:-1, max-image-preview:large, max-video-preview:-1\" \/>\n<link rel=\"canonical\" href=\"https:\/\/enyse.com\/compania\/grupo-empresarial\/\" \/>\n<meta property=\"og:locale\" content=\"en_GB\" \/>\n<meta property=\"og:type\" content=\"article\" \/>\n<meta property=\"og:title\" content=\"Company&#039;s Group - Enyse\" \/>\n<meta property=\"og:url\" content=\"https:\/\/enyse.com\/compania\/grupo-empresarial\/\" \/>\n<meta property=\"og:site_name\" content=\"Enyse\" \/>\n<meta property=\"article:modified_time\" content=\"2024-01-12T16:54:41+00:00\" \/>\n<meta property=\"og:image\" content=\"https:\/\/enyse.com\/wp-content\/uploads\/2023\/11\/corporativo-grupo-empresarial-enyse-2slide.jpg\" \/>\n\t<meta property=\"og:image:width\" content=\"913\" \/>\n\t<meta property=\"og:image:height\" content=\"768\" \/>\n\t<meta property=\"og:image:type\" content=\"image\/jpeg\" \/>\n<meta name=\"twitter:card\" content=\"summary_large_image\" \/>\n<meta name=\"twitter:label1\" content=\"Est. reading time\" \/>\n\t<meta name=\"twitter:data1\" content=\"1 minute\" \/>\n<script type=\"application\/ld+json\" class=\"yoast-schema-graph\">{\"@context\":\"https:\/\/schema.org\",\"@graph\":[{\"@type\":\"WebPage\",\"@id\":\"https:\/\/enyse.com\/compania\/grupo-empresarial\/\",\"url\":\"https:\/\/enyse.com\/compania\/grupo-empresarial\/\",\"name\":\"Company's Group - Enyse\",\"isPartOf\":{\"@id\":\"https:\/\/enyse.com\/#website\"},\"primaryImageOfPage\":{\"@id\":\"https:\/\/enyse.com\/compania\/grupo-empresarial\/#primaryimage\"},\"image\":{\"@id\":\"https:\/\/enyse.com\/compania\/grupo-empresarial\/#primaryimage\"},\"thumbnailUrl\":\"https:\/\/enyse.com\/wp-content\/uploads\/2023\/11\/corporativo-grupo-empresarial-enyse-2slide.jpg\",\"datePublished\":\"2023-10-13T14:21:40+00:00\",\"dateModified\":\"2024-01-12T16:54:41+00:00\",\"breadcrumb\":{\"@id\":\"https:\/\/enyse.com\/compania\/grupo-empresarial\/#breadcrumb\"},\"inLanguage\":\"en-GB\",\"potentialAction\":[{\"@type\":\"ReadAction\",\"target\":[\"https:\/\/enyse.com\/compania\/grupo-empresarial\/\"]}]},{\"@type\":\"ImageObject\",\"inLanguage\":\"en-GB\",\"@id\":\"https:\/\/enyse.com\/compania\/grupo-empresarial\/#primaryimage\",\"url\":\"https:\/\/enyse.com\/wp-content\/uploads\/2023\/11\/corporativo-grupo-empresarial-enyse-2slide.jpg\",\"contentUrl\":\"https:\/\/enyse.com\/wp-content\/uploads\/2023\/11\/corporativo-grupo-empresarial-enyse-2slide.jpg\",\"width\":913,\"height\":768},{\"@type\":\"BreadcrumbList\",\"@id\":\"https:\/\/enyse.com\/compania\/grupo-empresarial\/#breadcrumb\",\"itemListElement\":[{\"@type\":\"ListItem\",\"position\":1,\"name\":\"%frontpage%\",\"item\":\"https:\/\/enyse.com\/\"},{\"@type\":\"ListItem\",\"position\":2,\"name\":\"Compa\u00f1\u00eda\",\"item\":\"https:\/\/enyse.com\/compania\/\"},{\"@type\":\"ListItem\",\"position\":3,\"name\":\"Grupo Empresarial\"}]},{\"@type\":\"WebSite\",\"@id\":\"https:\/\/enyse.com\/#website\",\"url\":\"https:\/\/enyse.com\/\",\"name\":\"Enyse\",\"description\":\"Enyse is the heir of the longest history in Spain\u2019s Signalling sector \u2013 in 1924 the first electric interlocking is commissioned at Don Carlos station in Barcelona, which at the time was the head of the first railway line in Spain.\",\"publisher\":{\"@id\":\"https:\/\/enyse.com\/#organization\"},\"potentialAction\":[{\"@type\":\"SearchAction\",\"target\":{\"@type\":\"EntryPoint\",\"urlTemplate\":\"https:\/\/enyse.com\/?s={search_term_string}\"},\"query-input\":{\"@type\":\"PropertyValueSpecification\",\"valueRequired\":true,\"valueName\":\"search_term_string\"}}],\"inLanguage\":\"en-GB\"},{\"@type\":\"Organization\",\"@id\":\"https:\/\/enyse.com\/#organization\",\"name\":\"Enyse\",\"url\":\"https:\/\/enyse.com\/\",\"logo\":{\"@type\":\"ImageObject\",\"inLanguage\":\"en-GB\",\"@id\":\"https:\/\/enyse.com\/#\/schema\/logo\/image\/\",\"url\":\"https:\/\/enyse.com\/wp-content\/uploads\/2023\/10\/logo-enyse.png\",\"contentUrl\":\"https:\/\/enyse.com\/wp-content\/uploads\/2023\/10\/logo-enyse.png\",\"width\":250,\"height\":100,\"caption\":\"Enyse\"},\"image\":{\"@id\":\"https:\/\/enyse.com\/#\/schema\/logo\/image\/\"}}]}<\/script>\n<!-- \/ Yoast SEO plugin. -->","yoast_head_json":{"title":"Company's Group - Enyse","robots":{"index":"index","follow":"follow","max-snippet":"max-snippet:-1","max-image-preview":"max-image-preview:large","max-video-preview":"max-video-preview:-1"},"canonical":"https:\/\/enyse.com\/compania\/grupo-empresarial\/","og_locale":"en_GB","og_type":"article","og_title":"Company's Group - Enyse","og_url":"https:\/\/enyse.com\/compania\/grupo-empresarial\/","og_site_name":"Enyse","article_modified_time":"2024-01-12T16:54:41+00:00","og_image":[{"width":913,"height":768,"url":"https:\/\/enyse.com\/wp-content\/uploads\/2023\/11\/corporativo-grupo-empresarial-enyse-2slide.jpg","type":"image\/jpeg"}],"twitter_card":"summary_large_image","twitter_misc":{"Est. reading time":"1 minute"},"schema":{"@context":"https:\/\/schema.org","@graph":[{"@type":"WebPage","@id":"https:\/\/enyse.com\/compania\/grupo-empresarial\/","url":"https:\/\/enyse.com\/compania\/grupo-empresarial\/","name":"Company's Group - Enyse","isPartOf":{"@id":"https:\/\/enyse.com\/#website"},"primaryImageOfPage":{"@id":"https:\/\/enyse.com\/compania\/grupo-empresarial\/#primaryimage"},"image":{"@id":"https:\/\/enyse.com\/compania\/grupo-empresarial\/#primaryimage"},"thumbnailUrl":"https:\/\/enyse.com\/wp-content\/uploads\/2023\/11\/corporativo-grupo-empresarial-enyse-2slide.jpg","datePublished":"2023-10-13T14:21:40+00:00","dateModified":"2024-01-12T16:54:41+00:00","breadcrumb":{"@id":"https:\/\/enyse.com\/compania\/grupo-empresarial\/#breadcrumb"},"inLanguage":"en-GB","potentialAction":[{"@type":"ReadAction","target":["https:\/\/enyse.com\/compania\/grupo-empresarial\/"]}]},{"@type":"ImageObject","inLanguage":"en-GB","@id":"https:\/\/enyse.com\/compania\/grupo-empresarial\/#primaryimage","url":"https:\/\/enyse.com\/wp-content\/uploads\/2023\/11\/corporativo-grupo-empresarial-enyse-2slide.jpg","contentUrl":"https:\/\/enyse.com\/wp-content\/uploads\/2023\/11\/corporativo-grupo-empresarial-enyse-2slide.jpg","width":913,"height":768},{"@type":"BreadcrumbList","@id":"https:\/\/enyse.com\/compania\/grupo-empresarial\/#breadcrumb","itemListElement":[{"@type":"ListItem","position":1,"name":"%frontpage%","item":"https:\/\/enyse.com\/"},{"@type":"ListItem","position":2,"name":"Compa\u00f1\u00eda","item":"https:\/\/enyse.com\/compania\/"},{"@type":"ListItem","position":3,"name":"Grupo Empresarial"}]},{"@type":"WebSite","@id":"https:\/\/enyse.com\/#website","url":"https:\/\/enyse.com\/","name":"Enyse","description":"Enyse is the heir of the longest history in Spain\u2019s Signalling sector \u2013 in 1924 the first electric interlocking is commissioned at Don Carlos station in Barcelona, which at the time was the head of the first railway line in Spain.","publisher":{"@id":"https:\/\/enyse.com\/#organization"},"potentialAction":[{"@type":"SearchAction","target":{"@type":"EntryPoint","urlTemplate":"https:\/\/enyse.com\/?s={search_term_string}"},"query-input":{"@type":"PropertyValueSpecification","valueRequired":true,"valueName":"search_term_string"}}],"inLanguage":"en-GB"},{"@type":"Organization","@id":"https:\/\/enyse.com\/#organization","name":"Enyse","url":"https:\/\/enyse.com\/","logo":{"@type":"ImageObject","inLanguage":"en-GB","@id":"https:\/\/enyse.com\/#\/schema\/logo\/image\/","url":"https:\/\/enyse.com\/wp-content\/uploads\/2023\/10\/logo-enyse.png","contentUrl":"https:\/\/enyse.com\/wp-content\/uploads\/2023\/10\/logo-enyse.png","width":250,"height":100,"caption":"Enyse"},"image":{"@id":"https:\/\/enyse.com\/#\/schema\/logo\/image\/"}}]}},"_links":{"self":[{"href":"https:\/\/enyse.com\/gb\/wp-json\/wp\/v2\/pages\/86","targetHints":{"allow":["GET"]}}],"collection":[{"href":"https:\/\/enyse.com\/gb\/wp-json\/wp\/v2\/pages"}],"about":[{"href":"https:\/\/enyse.com\/gb\/wp-json\/wp\/v2\/types\/page"}],"author":[{"embeddable":true,"href":"https:\/\/enyse.com\/gb\/wp-json\/wp\/v2\/users\/8"}],"replies":[{"embeddable":true,"href":"https:\/\/enyse.com\/gb\/wp-json\/wp\/v2\/comments?post=86"}],"version-history":[{"count":22,"href":"https:\/\/enyse.com\/gb\/wp-json\/wp\/v2\/pages\/86\/revisions"}],"predecessor-version":[{"id":2124,"href":"https:\/\/enyse.com\/gb\/wp-json\/wp\/v2\/pages\/86\/revisions\/2124"}],"up":[{"embeddable":true,"href":"https:\/\/enyse.com\/gb\/wp-json\/wp\/v2\/pages\/20"}],"wp:featuredmedia":[{"embeddable":true,"href":"https:\/\/enyse.com\/gb\/wp-json\/wp\/v2\/media\/403"}],"wp:attachment":[{"href":"https:\/\/enyse.com\/gb\/wp-json\/wp\/v2\/media?parent=86"}],"curies":[{"name":"wp","href":"https:\/\/api.w.org\/{rel}","templated":true}]}}