{"id":88,"date":"2023-12-03T08:55:11","date_gmt":"2023-12-03T07:55:11","guid":{"rendered":"https:\/\/enyse.com\/?page_id=88"},"modified":"2025-07-30T17:56:19","modified_gmt":"2025-07-30T15:56:19","slug":"nuestro-equipo","status":"publish","type":"page","link":"https:\/\/enyse.com\/gb\/company\/our-team\/","title":{"rendered":"Our Team"},"content":{"rendered":"\n<p>In an industry increasingly integrating more diverse technology, the required Reliability, Availability, Maintainability and Safety standards not only apply to system design level, but are the actual premises to properly implementing and commissioning turn-key Signalling projects.<\/p>\n\n\n\n<p>Enyse has the ability to work in all phases of a project, from conception and design to manufacturing and maintenance of Safety installations, both for proprietary and subcontracted technologies.<\/p>\n\n\n\n<p>Enyse&#8217;s human capital, track record and relationship with the railway companies of the group it belongs to, make it capable of offering a wide range of systems and services including Signalling but also power, telecomms or the maintenance of all electromechanical systems along any type of railway line &#8211; conventional, freight, high speed, \u2026<\/p>\n","protected":false},"excerpt":{"rendered":"<p>Desde 1924 en Barcelona hasta los \u00faltimos proyectos en Asturias, Valencia o Madrid, ENYSE y sus predecesoras han desarrollado una forma de trabajar que se basa en un alt\u00edsimo nivel de adaptaci\u00f3n a las necesidades funcionales y de explotaci\u00f3n de las diferentes administraciones ferroviarias: flexibilidad es la palabra clave.<\/p>\n","protected":false},"author":8,"featured_media":5165,"parent":20,"menu_order":0,"comment_status":"closed","ping_status":"closed","template":"page-compania.php","meta":{"_acf_changed":false,"footnotes":""},"class_list":["post-88","page","type-page","status-publish","has-post-thumbnail","hentry"],"translation":{"provider":"WPGlobus","version":"3.0.2","language":"gb","enabled_languages":["es","gb"],"languages":{"es":{"title":true,"content":true,"excerpt":true},"gb":{"title":true,"content":true,"excerpt":false}}},"acf":[],"yoast_head":"<!-- This site is optimized with the Yoast SEO plugin v27.2 - https:\/\/yoast.com\/product\/yoast-seo-wordpress\/ -->\n<title>Our Team - Enyse<\/title>\n<meta name=\"robots\" content=\"index, follow, max-snippet:-1, max-image-preview:large, max-video-preview:-1\" \/>\n<link rel=\"canonical\" href=\"https:\/\/enyse.com\/compania\/nuestro-equipo\/\" \/>\n<meta property=\"og:locale\" content=\"en_GB\" \/>\n<meta property=\"og:type\" content=\"article\" \/>\n<meta property=\"og:title\" content=\"Our Team - Enyse\" \/>\n<meta property=\"og:url\" content=\"https:\/\/enyse.com\/compania\/nuestro-equipo\/\" \/>\n<meta property=\"og:site_name\" content=\"Enyse\" \/>\n<meta property=\"article:modified_time\" content=\"2025-07-30T15:56:19+00:00\" \/>\n<meta property=\"og:image\" content=\"https:\/\/enyse.com\/wp-content\/uploads\/2025\/07\/contacto-rrhh-grupo-2025-1.jpg\" \/>\n\t<meta property=\"og:image:width\" content=\"1152\" \/>\n\t<meta property=\"og:image:height\" content=\"768\" \/>\n\t<meta property=\"og:image:type\" content=\"image\/jpeg\" \/>\n<meta name=\"twitter:card\" content=\"summary_large_image\" \/>\n<meta name=\"twitter:label1\" content=\"Est. reading time\" \/>\n\t<meta name=\"twitter:data1\" content=\"1 minute\" \/>\n<script type=\"application\/ld+json\" class=\"yoast-schema-graph\">{\"@context\":\"https:\/\/schema.org\",\"@graph\":[{\"@type\":\"WebPage\",\"@id\":\"https:\/\/enyse.com\/compania\/nuestro-equipo\/\",\"url\":\"https:\/\/enyse.com\/compania\/nuestro-equipo\/\",\"name\":\"Our Team - Enyse\",\"isPartOf\":{\"@id\":\"https:\/\/enyse.com\/#website\"},\"primaryImageOfPage\":{\"@id\":\"https:\/\/enyse.com\/compania\/nuestro-equipo\/#primaryimage\"},\"image\":{\"@id\":\"https:\/\/enyse.com\/compania\/nuestro-equipo\/#primaryimage\"},\"thumbnailUrl\":\"https:\/\/enyse.com\/wp-content\/uploads\/2025\/07\/contacto-rrhh-grupo-2025-1.jpg\",\"datePublished\":\"2023-12-03T07:55:11+00:00\",\"dateModified\":\"2025-07-30T15:56:19+00:00\",\"breadcrumb\":{\"@id\":\"https:\/\/enyse.com\/compania\/nuestro-equipo\/#breadcrumb\"},\"inLanguage\":\"en-GB\",\"potentialAction\":[{\"@type\":\"ReadAction\",\"target\":[\"https:\/\/enyse.com\/compania\/nuestro-equipo\/\"]}]},{\"@type\":\"ImageObject\",\"inLanguage\":\"en-GB\",\"@id\":\"https:\/\/enyse.com\/compania\/nuestro-equipo\/#primaryimage\",\"url\":\"https:\/\/enyse.com\/wp-content\/uploads\/2025\/07\/contacto-rrhh-grupo-2025-1.jpg\",\"contentUrl\":\"https:\/\/enyse.com\/wp-content\/uploads\/2025\/07\/contacto-rrhh-grupo-2025-1.jpg\",\"width\":1152,\"height\":768},{\"@type\":\"BreadcrumbList\",\"@id\":\"https:\/\/enyse.com\/compania\/nuestro-equipo\/#breadcrumb\",\"itemListElement\":[{\"@type\":\"ListItem\",\"position\":1,\"name\":\"%frontpage%\",\"item\":\"https:\/\/enyse.com\/\"},{\"@type\":\"ListItem\",\"position\":2,\"name\":\"Compa\u00f1\u00eda\",\"item\":\"https:\/\/enyse.com\/compania\/\"},{\"@type\":\"ListItem\",\"position\":3,\"name\":\"Nuestro Equipo\"}]},{\"@type\":\"WebSite\",\"@id\":\"https:\/\/enyse.com\/#website\",\"url\":\"https:\/\/enyse.com\/\",\"name\":\"Enyse\",\"description\":\"Enyse is the heir of the longest history in Spain\u2019s Signalling sector \u2013 in 1924 the first electric interlocking is commissioned at Don Carlos station in Barcelona, which at the time was the head of the first railway line in Spain.\",\"publisher\":{\"@id\":\"https:\/\/enyse.com\/#organization\"},\"potentialAction\":[{\"@type\":\"SearchAction\",\"target\":{\"@type\":\"EntryPoint\",\"urlTemplate\":\"https:\/\/enyse.com\/?s={search_term_string}\"},\"query-input\":{\"@type\":\"PropertyValueSpecification\",\"valueRequired\":true,\"valueName\":\"search_term_string\"}}],\"inLanguage\":\"en-GB\"},{\"@type\":\"Organization\",\"@id\":\"https:\/\/enyse.com\/#organization\",\"name\":\"Enyse\",\"url\":\"https:\/\/enyse.com\/\",\"logo\":{\"@type\":\"ImageObject\",\"inLanguage\":\"en-GB\",\"@id\":\"https:\/\/enyse.com\/#\/schema\/logo\/image\/\",\"url\":\"https:\/\/enyse.com\/wp-content\/uploads\/2023\/10\/logo-enyse.png\",\"contentUrl\":\"https:\/\/enyse.com\/wp-content\/uploads\/2023\/10\/logo-enyse.png\",\"width\":250,\"height\":100,\"caption\":\"Enyse\"},\"image\":{\"@id\":\"https:\/\/enyse.com\/#\/schema\/logo\/image\/\"}}]}<\/script>\n<!-- \/ Yoast SEO plugin. -->","yoast_head_json":{"title":"Our Team - Enyse","robots":{"index":"index","follow":"follow","max-snippet":"max-snippet:-1","max-image-preview":"max-image-preview:large","max-video-preview":"max-video-preview:-1"},"canonical":"https:\/\/enyse.com\/compania\/nuestro-equipo\/","og_locale":"en_GB","og_type":"article","og_title":"Our Team - Enyse","og_url":"https:\/\/enyse.com\/compania\/nuestro-equipo\/","og_site_name":"Enyse","article_modified_time":"2025-07-30T15:56:19+00:00","og_image":[{"width":1152,"height":768,"url":"https:\/\/enyse.com\/wp-content\/uploads\/2025\/07\/contacto-rrhh-grupo-2025-1.jpg","type":"image\/jpeg"}],"twitter_card":"summary_large_image","twitter_misc":{"Est. reading time":"1 minute"},"schema":{"@context":"https:\/\/schema.org","@graph":[{"@type":"WebPage","@id":"https:\/\/enyse.com\/compania\/nuestro-equipo\/","url":"https:\/\/enyse.com\/compania\/nuestro-equipo\/","name":"Our Team - Enyse","isPartOf":{"@id":"https:\/\/enyse.com\/#website"},"primaryImageOfPage":{"@id":"https:\/\/enyse.com\/compania\/nuestro-equipo\/#primaryimage"},"image":{"@id":"https:\/\/enyse.com\/compania\/nuestro-equipo\/#primaryimage"},"thumbnailUrl":"https:\/\/enyse.com\/wp-content\/uploads\/2025\/07\/contacto-rrhh-grupo-2025-1.jpg","datePublished":"2023-12-03T07:55:11+00:00","dateModified":"2025-07-30T15:56:19+00:00","breadcrumb":{"@id":"https:\/\/enyse.com\/compania\/nuestro-equipo\/#breadcrumb"},"inLanguage":"en-GB","potentialAction":[{"@type":"ReadAction","target":["https:\/\/enyse.com\/compania\/nuestro-equipo\/"]}]},{"@type":"ImageObject","inLanguage":"en-GB","@id":"https:\/\/enyse.com\/compania\/nuestro-equipo\/#primaryimage","url":"https:\/\/enyse.com\/wp-content\/uploads\/2025\/07\/contacto-rrhh-grupo-2025-1.jpg","contentUrl":"https:\/\/enyse.com\/wp-content\/uploads\/2025\/07\/contacto-rrhh-grupo-2025-1.jpg","width":1152,"height":768},{"@type":"BreadcrumbList","@id":"https:\/\/enyse.com\/compania\/nuestro-equipo\/#breadcrumb","itemListElement":[{"@type":"ListItem","position":1,"name":"%frontpage%","item":"https:\/\/enyse.com\/"},{"@type":"ListItem","position":2,"name":"Compa\u00f1\u00eda","item":"https:\/\/enyse.com\/compania\/"},{"@type":"ListItem","position":3,"name":"Nuestro Equipo"}]},{"@type":"WebSite","@id":"https:\/\/enyse.com\/#website","url":"https:\/\/enyse.com\/","name":"Enyse","description":"Enyse is the heir of the longest history in Spain\u2019s Signalling sector \u2013 in 1924 the first electric interlocking is commissioned at Don Carlos station in Barcelona, which at the time was the head of the first railway line in Spain.","publisher":{"@id":"https:\/\/enyse.com\/#organization"},"potentialAction":[{"@type":"SearchAction","target":{"@type":"EntryPoint","urlTemplate":"https:\/\/enyse.com\/?s={search_term_string}"},"query-input":{"@type":"PropertyValueSpecification","valueRequired":true,"valueName":"search_term_string"}}],"inLanguage":"en-GB"},{"@type":"Organization","@id":"https:\/\/enyse.com\/#organization","name":"Enyse","url":"https:\/\/enyse.com\/","logo":{"@type":"ImageObject","inLanguage":"en-GB","@id":"https:\/\/enyse.com\/#\/schema\/logo\/image\/","url":"https:\/\/enyse.com\/wp-content\/uploads\/2023\/10\/logo-enyse.png","contentUrl":"https:\/\/enyse.com\/wp-content\/uploads\/2023\/10\/logo-enyse.png","width":250,"height":100,"caption":"Enyse"},"image":{"@id":"https:\/\/enyse.com\/#\/schema\/logo\/image\/"}}]}},"_links":{"self":[{"href":"https:\/\/enyse.com\/gb\/wp-json\/wp\/v2\/pages\/88","targetHints":{"allow":["GET"]}}],"collection":[{"href":"https:\/\/enyse.com\/gb\/wp-json\/wp\/v2\/pages"}],"about":[{"href":"https:\/\/enyse.com\/gb\/wp-json\/wp\/v2\/types\/page"}],"author":[{"embeddable":true,"href":"https:\/\/enyse.com\/gb\/wp-json\/wp\/v2\/users\/8"}],"replies":[{"embeddable":true,"href":"https:\/\/enyse.com\/gb\/wp-json\/wp\/v2\/comments?post=88"}],"version-history":[{"count":20,"href":"https:\/\/enyse.com\/gb\/wp-json\/wp\/v2\/pages\/88\/revisions"}],"predecessor-version":[{"id":2414,"href":"https:\/\/enyse.com\/gb\/wp-json\/wp\/v2\/pages\/88\/revisions\/2414"}],"up":[{"embeddable":true,"href":"https:\/\/enyse.com\/gb\/wp-json\/wp\/v2\/pages\/20"}],"wp:featuredmedia":[{"embeddable":true,"href":"https:\/\/enyse.com\/gb\/wp-json\/wp\/v2\/media\/5165"}],"wp:attachment":[{"href":"https:\/\/enyse.com\/gb\/wp-json\/wp\/v2\/media?parent=88"}],"curies":[{"name":"wp","href":"https:\/\/api.w.org\/{rel}","templated":true}]}}