{"id":90,"date":"2023-10-13T16:21:40","date_gmt":"2023-10-13T14:21:40","guid":{"rendered":"https:\/\/enyse.com\/?page_id=90"},"modified":"2024-04-19T11:14:18","modified_gmt":"2024-04-19T09:14:18","slug":"sostenibilidad","status":"publish","type":"page","link":"https:\/\/enyse.com\/gb\/company\/sustainability\/","title":{"rendered":"Sustainability"},"content":{"rendered":"\n<p>La Pol\u00edtica de Gesti\u00f3n Ambiental de ENYSE previene, detecta, minimiza y analiza de manera efectiva el impacto medioambiental y la sostenibilidad de nuestra actividad. Colocamos la sostenibilidad en el centro de nuestra actividad como garant\u00eda de m\u00e1xima calidad y plena eficiencia.<\/p>\n","protected":false},"excerpt":{"rendered":"<p>ENYSE es una empresa que prioriza la sostenibilidad medioambiental como un pilar fundamental. Implementando rigurosos est\u00e1ndares y pol\u00edticas ecol\u00f3gicas en todas nuestras actividades comerciales<\/p>\n","protected":false},"author":8,"featured_media":518,"parent":20,"menu_order":0,"comment_status":"closed","ping_status":"closed","template":"page-compania.php","meta":{"_acf_changed":false,"footnotes":""},"class_list":["post-90","page","type-page","status-publish","has-post-thumbnail","hentry"],"translation":{"provider":"WPGlobus","version":"3.0.2","language":"gb","enabled_languages":["es","gb"],"languages":{"es":{"title":true,"content":true,"excerpt":true},"gb":{"title":true,"content":false,"excerpt":false}}},"acf":[],"yoast_head":"<!-- This site is optimized with the Yoast SEO plugin v27.5 - https:\/\/yoast.com\/product\/yoast-seo-wordpress\/ -->\n<title>Sustainability - Enyse<\/title>\n<meta name=\"robots\" content=\"index, follow, max-snippet:-1, max-image-preview:large, max-video-preview:-1\" \/>\n<link rel=\"canonical\" href=\"https:\/\/enyse.com\/compania\/sostenibilidad\/\" \/>\n<meta property=\"og:locale\" content=\"en_GB\" \/>\n<meta property=\"og:type\" content=\"article\" \/>\n<meta property=\"og:title\" content=\"Sustainability - Enyse\" \/>\n<meta property=\"og:url\" content=\"https:\/\/enyse.com\/compania\/sostenibilidad\/\" \/>\n<meta property=\"og:site_name\" content=\"Enyse\" \/>\n<meta property=\"article:modified_time\" content=\"2024-04-19T09:14:18+00:00\" \/>\n<meta property=\"og:image\" content=\"https:\/\/enyse.com\/wp-content\/uploads\/2023\/11\/banner-sostenibilidad.jpg\" \/>\n\t<meta property=\"og:image:width\" content=\"913\" \/>\n\t<meta property=\"og:image:height\" content=\"768\" \/>\n\t<meta property=\"og:image:type\" content=\"image\/jpeg\" \/>\n<meta name=\"twitter:card\" content=\"summary_large_image\" \/>\n<meta name=\"twitter:label1\" content=\"Est. reading time\" \/>\n\t<meta name=\"twitter:data1\" content=\"1 minute\" \/>\n<script type=\"application\/ld+json\" class=\"yoast-schema-graph\">{\"@context\":\"https:\\\/\\\/schema.org\",\"@graph\":[{\"@type\":\"WebPage\",\"@id\":\"https:\\\/\\\/enyse.com\\\/compania\\\/sostenibilidad\\\/\",\"url\":\"https:\\\/\\\/enyse.com\\\/compania\\\/sostenibilidad\\\/\",\"name\":\"Sustainability - Enyse\",\"isPartOf\":{\"@id\":\"https:\\\/\\\/enyse.com\\\/#website\"},\"primaryImageOfPage\":{\"@id\":\"https:\\\/\\\/enyse.com\\\/compania\\\/sostenibilidad\\\/#primaryimage\"},\"image\":{\"@id\":\"https:\\\/\\\/enyse.com\\\/compania\\\/sostenibilidad\\\/#primaryimage\"},\"thumbnailUrl\":\"https:\\\/\\\/enyse.com\\\/wp-content\\\/uploads\\\/2023\\\/11\\\/banner-sostenibilidad.jpg\",\"datePublished\":\"2023-10-13T14:21:40+00:00\",\"dateModified\":\"2024-04-19T09:14:18+00:00\",\"breadcrumb\":{\"@id\":\"https:\\\/\\\/enyse.com\\\/compania\\\/sostenibilidad\\\/#breadcrumb\"},\"inLanguage\":\"en-GB\",\"potentialAction\":[{\"@type\":\"ReadAction\",\"target\":[\"https:\\\/\\\/enyse.com\\\/compania\\\/sostenibilidad\\\/\"]}]},{\"@type\":\"ImageObject\",\"inLanguage\":\"en-GB\",\"@id\":\"https:\\\/\\\/enyse.com\\\/compania\\\/sostenibilidad\\\/#primaryimage\",\"url\":\"https:\\\/\\\/enyse.com\\\/wp-content\\\/uploads\\\/2023\\\/11\\\/banner-sostenibilidad.jpg\",\"contentUrl\":\"https:\\\/\\\/enyse.com\\\/wp-content\\\/uploads\\\/2023\\\/11\\\/banner-sostenibilidad.jpg\",\"width\":913,\"height\":768},{\"@type\":\"BreadcrumbList\",\"@id\":\"https:\\\/\\\/enyse.com\\\/compania\\\/sostenibilidad\\\/#breadcrumb\",\"itemListElement\":[{\"@type\":\"ListItem\",\"position\":1,\"name\":\"%frontpage%\",\"item\":\"https:\\\/\\\/enyse.com\\\/\"},{\"@type\":\"ListItem\",\"position\":2,\"name\":\"Compa\u00f1\u00eda\",\"item\":\"https:\\\/\\\/enyse.com\\\/compania\\\/\"},{\"@type\":\"ListItem\",\"position\":3,\"name\":\"Sostenibilidad\"}]},{\"@type\":\"WebSite\",\"@id\":\"https:\\\/\\\/enyse.com\\\/#website\",\"url\":\"https:\\\/\\\/enyse.com\\\/\",\"name\":\"Enyse\",\"description\":\"Enyse is the heir of the longest history in Spain\u2019s Signalling sector \u2013 in 1924 the first electric interlocking is commissioned at Don Carlos station in Barcelona, which at the time was the head of the first railway line in Spain.\",\"publisher\":{\"@id\":\"https:\\\/\\\/enyse.com\\\/#organization\"},\"potentialAction\":[{\"@type\":\"SearchAction\",\"target\":{\"@type\":\"EntryPoint\",\"urlTemplate\":\"https:\\\/\\\/enyse.com\\\/?s={search_term_string}\"},\"query-input\":{\"@type\":\"PropertyValueSpecification\",\"valueRequired\":true,\"valueName\":\"search_term_string\"}}],\"inLanguage\":\"en-GB\"},{\"@type\":\"Organization\",\"@id\":\"https:\\\/\\\/enyse.com\\\/#organization\",\"name\":\"Enyse\",\"url\":\"https:\\\/\\\/enyse.com\\\/\",\"logo\":{\"@type\":\"ImageObject\",\"inLanguage\":\"en-GB\",\"@id\":\"https:\\\/\\\/enyse.com\\\/#\\\/schema\\\/logo\\\/image\\\/\",\"url\":\"https:\\\/\\\/enyse.com\\\/wp-content\\\/uploads\\\/2023\\\/10\\\/logo-enyse.png\",\"contentUrl\":\"https:\\\/\\\/enyse.com\\\/wp-content\\\/uploads\\\/2023\\\/10\\\/logo-enyse.png\",\"width\":250,\"height\":100,\"caption\":\"Enyse\"},\"image\":{\"@id\":\"https:\\\/\\\/enyse.com\\\/#\\\/schema\\\/logo\\\/image\\\/\"}}]}<\/script>\n<!-- \/ Yoast SEO plugin. -->","yoast_head_json":{"title":"Sustainability - Enyse","robots":{"index":"index","follow":"follow","max-snippet":"max-snippet:-1","max-image-preview":"max-image-preview:large","max-video-preview":"max-video-preview:-1"},"canonical":"https:\/\/enyse.com\/compania\/sostenibilidad\/","og_locale":"en_GB","og_type":"article","og_title":"Sustainability - Enyse","og_url":"https:\/\/enyse.com\/compania\/sostenibilidad\/","og_site_name":"Enyse","article_modified_time":"2024-04-19T09:14:18+00:00","og_image":[{"width":913,"height":768,"url":"https:\/\/enyse.com\/wp-content\/uploads\/2023\/11\/banner-sostenibilidad.jpg","type":"image\/jpeg"}],"twitter_card":"summary_large_image","twitter_misc":{"Est. reading time":"1 minute"},"schema":{"@context":"https:\/\/schema.org","@graph":[{"@type":"WebPage","@id":"https:\/\/enyse.com\/compania\/sostenibilidad\/","url":"https:\/\/enyse.com\/compania\/sostenibilidad\/","name":"Sustainability - Enyse","isPartOf":{"@id":"https:\/\/enyse.com\/#website"},"primaryImageOfPage":{"@id":"https:\/\/enyse.com\/compania\/sostenibilidad\/#primaryimage"},"image":{"@id":"https:\/\/enyse.com\/compania\/sostenibilidad\/#primaryimage"},"thumbnailUrl":"https:\/\/enyse.com\/wp-content\/uploads\/2023\/11\/banner-sostenibilidad.jpg","datePublished":"2023-10-13T14:21:40+00:00","dateModified":"2024-04-19T09:14:18+00:00","breadcrumb":{"@id":"https:\/\/enyse.com\/compania\/sostenibilidad\/#breadcrumb"},"inLanguage":"en-GB","potentialAction":[{"@type":"ReadAction","target":["https:\/\/enyse.com\/compania\/sostenibilidad\/"]}]},{"@type":"ImageObject","inLanguage":"en-GB","@id":"https:\/\/enyse.com\/compania\/sostenibilidad\/#primaryimage","url":"https:\/\/enyse.com\/wp-content\/uploads\/2023\/11\/banner-sostenibilidad.jpg","contentUrl":"https:\/\/enyse.com\/wp-content\/uploads\/2023\/11\/banner-sostenibilidad.jpg","width":913,"height":768},{"@type":"BreadcrumbList","@id":"https:\/\/enyse.com\/compania\/sostenibilidad\/#breadcrumb","itemListElement":[{"@type":"ListItem","position":1,"name":"%frontpage%","item":"https:\/\/enyse.com\/"},{"@type":"ListItem","position":2,"name":"Compa\u00f1\u00eda","item":"https:\/\/enyse.com\/compania\/"},{"@type":"ListItem","position":3,"name":"Sostenibilidad"}]},{"@type":"WebSite","@id":"https:\/\/enyse.com\/#website","url":"https:\/\/enyse.com\/","name":"Enyse","description":"Enyse is the heir of the longest history in Spain\u2019s Signalling sector \u2013 in 1924 the first electric interlocking is commissioned at Don Carlos station in Barcelona, which at the time was the head of the first railway line in Spain.","publisher":{"@id":"https:\/\/enyse.com\/#organization"},"potentialAction":[{"@type":"SearchAction","target":{"@type":"EntryPoint","urlTemplate":"https:\/\/enyse.com\/?s={search_term_string}"},"query-input":{"@type":"PropertyValueSpecification","valueRequired":true,"valueName":"search_term_string"}}],"inLanguage":"en-GB"},{"@type":"Organization","@id":"https:\/\/enyse.com\/#organization","name":"Enyse","url":"https:\/\/enyse.com\/","logo":{"@type":"ImageObject","inLanguage":"en-GB","@id":"https:\/\/enyse.com\/#\/schema\/logo\/image\/","url":"https:\/\/enyse.com\/wp-content\/uploads\/2023\/10\/logo-enyse.png","contentUrl":"https:\/\/enyse.com\/wp-content\/uploads\/2023\/10\/logo-enyse.png","width":250,"height":100,"caption":"Enyse"},"image":{"@id":"https:\/\/enyse.com\/#\/schema\/logo\/image\/"}}]}},"_links":{"self":[{"href":"https:\/\/enyse.com\/gb\/wp-json\/wp\/v2\/pages\/90","targetHints":{"allow":["GET"]}}],"collection":[{"href":"https:\/\/enyse.com\/gb\/wp-json\/wp\/v2\/pages"}],"about":[{"href":"https:\/\/enyse.com\/gb\/wp-json\/wp\/v2\/types\/page"}],"author":[{"embeddable":true,"href":"https:\/\/enyse.com\/gb\/wp-json\/wp\/v2\/users\/8"}],"replies":[{"embeddable":true,"href":"https:\/\/enyse.com\/gb\/wp-json\/wp\/v2\/comments?post=90"}],"version-history":[{"count":15,"href":"https:\/\/enyse.com\/gb\/wp-json\/wp\/v2\/pages\/90\/revisions"}],"predecessor-version":[{"id":2424,"href":"https:\/\/enyse.com\/gb\/wp-json\/wp\/v2\/pages\/90\/revisions\/2424"}],"up":[{"embeddable":true,"href":"https:\/\/enyse.com\/gb\/wp-json\/wp\/v2\/pages\/20"}],"wp:featuredmedia":[{"embeddable":true,"href":"https:\/\/enyse.com\/gb\/wp-json\/wp\/v2\/media\/518"}],"wp:attachment":[{"href":"https:\/\/enyse.com\/gb\/wp-json\/wp\/v2\/media?parent=90"}],"curies":[{"name":"wp","href":"https:\/\/api.w.org\/{rel}","templated":true}]}}